{"id":20351,"date":"2016-07-11T12:56:02","date_gmt":"2016-07-11T10:56:02","guid":{"rendered":"https:\/\/lavoixdeleveil.com\/wp57\/?page_id=6"},"modified":"2020-10-22T18:56:01","modified_gmt":"2020-10-22T16:56:01","slug":"lecture-ame","status":"publish","type":"page","link":"https:\/\/lavoixdeleveil.com\/wp58\/lecture-ame\/","title":{"rendered":"LECTURE D&rsquo;AME"},"content":{"rendered":"<p><div class=\"fusion-fullwidth fullwidth-box fusion-builder-row-1 fusion-flex-container fusion-parallax-none nonhundred-percent-fullwidth non-hundred-percent-height-scrolling\" style=\"background-color: rgba(255,255,255,0);background-image: url(&quot;https:\/\/lavoixdeleveil.com\/wp58\/wp-content\/uploads\/2020\/09\/simon-rae-IGOBsR93I7Y-unsplash.jpg&quot;);background-image:linear-gradient(180deg, rgba(0,2,17,0.16) 0%,#000211 100%),url(https:\/\/lavoixdeleveil.com\/wp58\/wp-content\/uploads\/2020\/09\/simon-rae-IGOBsR93I7Y-unsplash.jpg);background-position: center center;background-repeat: no-repeat;border-width: 0px 0px 0px 0px;border-color:rgba(234,233,233,0);border-style:solid;-webkit-background-size:cover;-moz-background-size:cover;-o-background-size:cover;background-size:cover;\" ><div class=\"fusion-builder-row fusion-row fusion-flex-align-items-flex-start fusion-flex-justify-content-center\" style=\"max-width:96.72%;margin-left: calc(-4% \/ 2 );margin-right: calc(-4% \/ 2 );\"><div class=\"fusion-layout-column fusion_builder_column fusion-builder-column-0 fusion_builder_column_1_5 1_5 fusion-flex-column fusion-no-small-visibility\"><div class=\"fusion-column-wrapper fusion-flex-justify-content-flex-start fusion-content-layout-column\" style=\"background-position:left top;background-repeat:no-repeat;-webkit-background-size:cover;-moz-background-size:cover;-o-background-size:cover;background-size:cover;padding: 0px 0px 0px 0px;\"><\/div><\/div><style type=\"text\/css\">.fusion-body .fusion-builder-column-0{width:20% !important;margin-top : 0px;margin-bottom : 0px;}.fusion-builder-column-0 > .fusion-column-wrapper {padding-top : 0px !important;padding-right : 0px !important;margin-right : 0%;padding-bottom : 0px !important;padding-left : 0px !important;margin-left : 9.6%;}@media only screen and (max-width:1024px) {.fusion-body .fusion-builder-column-0{width:100% !important;}.fusion-builder-column-0 > .fusion-column-wrapper {margin-right : 1.92%;margin-left : 1.92%;}}@media only screen and (max-width:640px) {.fusion-body .fusion-builder-column-0{width:100% !important;}.fusion-builder-column-0 > .fusion-column-wrapper {margin-right : 1.92%;margin-left : 1.92%;}}<\/style><div class=\"fusion-layout-column fusion_builder_column fusion-builder-column-1 fusion_builder_column_3_5 3_5 fusion-flex-column fusion-animated\" data-animationType=\"fadeInUp\" data-animationDuration=\"1.0\" data-animationOffset=\"100%\"><div class=\"fusion-column-wrapper fusion-flex-justify-content-flex-start fusion-content-layout-column\" style=\"background-position:left top;background-repeat:no-repeat;-webkit-background-size:cover;-moz-background-size:cover;-o-background-size:cover;background-size:cover;padding: 0px 0px 0px 0px;\"><div class=\"fusion-text fusion-text-1\"><h1 style=\"text-align: center; color: #ffffff; font-size: 58px; line-height: 70px; font-family: 'Clicker Script';\" data-fusion-font=\"true\" data-fusion-google-font=\"Clicker Script\" data-fusion-google-variant=\"400\"><b>Lecture d&rsquo;\u00e2me<\/b><\/h1>\n<\/div><i class=\"fb-icon-element-1 fb-icon-element fontawesome-icon fitness-separator circle-no\" style=\"font-size:68px;align-self:center;margin-top:-15px;margin-bottom:15px;\"><\/i><style>i.fb-icon-element.fontawesome-icon.fb-icon-element-1{ color: #fff941;}i.fb-icon-element.fontawesome-icon.fb-icon-element-1:hover { color: #fff941;}<\/style><div class=\"fusion-text fusion-text-2\"><p style=\"text-align: center; color: #f3f2f5; font-size: 23px;\" data-fusion-font=\"true\"><em><span style=\"font-family: 'Clicker Script'; font-weight: 400; font-size: 24px;\" data-fusion-font=\"true\" data-fusion-google-font=\"Clicker Script\" data-fusion-google-variant=\"400\">R\u00e9pandre l&rsquo;amour, c&rsquo;est faire grandir la vie.<\/span><\/em><br \/>\n<em><span style=\"font-family: 'Clicker Script'; font-weight: 400; font-size: 24px;\" data-fusion-font=\"true\" data-fusion-google-font=\"Clicker Script\" data-fusion-google-variant=\"400\">La voix de l&rsquo;\u00e9veil<\/span><\/em><\/p>\n<\/div><div class=\"fusion-separator fusion-full-width-sep\" style=\"align-self: center;margin-left: auto;margin-right: auto;margin-bottom:15px;width:100%;\"><div class=\"fusion-separator-border sep-double\" style=\"border-color:#e0dede;border-top-width:1px;border-bottom-width:1px;\"><\/div><\/div><\/div><\/div><style type=\"text\/css\">.fusion-body .fusion-builder-column-1{width:60% !important;margin-top : 0px;margin-bottom : 0px;}.fusion-builder-column-1 > .fusion-column-wrapper {padding-top : 0px !important;padding-right : 0px !important;margin-right : 0%;padding-bottom : 0px !important;padding-left : 0px !important;margin-left : 0%;}@media only screen and (max-width:1024px) {.fusion-body .fusion-builder-column-1{width:100% !important;}.fusion-builder-column-1 > .fusion-column-wrapper {margin-right : 1.92%;margin-left : 1.92%;}}@media only screen and (max-width:640px) {.fusion-body .fusion-builder-column-1{width:100% !important;}.fusion-builder-column-1 > .fusion-column-wrapper {margin-right : 1.92%;margin-left : 1.92%;}}<\/style><div class=\"fusion-layout-column fusion_builder_column fusion-builder-column-2 fusion_builder_column_1_5 1_5 fusion-flex-column fusion-no-small-visibility\"><div class=\"fusion-column-wrapper fusion-flex-justify-content-flex-start fusion-content-layout-column\" style=\"background-position:left top;background-repeat:no-repeat;-webkit-background-size:cover;-moz-background-size:cover;-o-background-size:cover;background-size:cover;padding: 0px 0px 0px 0px;\"><\/div><\/div><style type=\"text\/css\">.fusion-body .fusion-builder-column-2{width:20% !important;margin-top : 0px;margin-bottom : 0px;}.fusion-builder-column-2 > .fusion-column-wrapper {padding-top : 0px !important;padding-right : 0px !important;margin-right : 9.6%;padding-bottom : 0px !important;padding-left : 0px !important;margin-left : 0%;}@media only screen and (max-width:1024px) {.fusion-body .fusion-builder-column-2{width:100% !important;}.fusion-builder-column-2 > .fusion-column-wrapper {margin-right : 1.92%;margin-left : 1.92%;}}@media only screen and (max-width:640px) {.fusion-body .fusion-builder-column-2{width:100% !important;}.fusion-builder-column-2 > .fusion-column-wrapper {margin-right : 1.92%;margin-left : 1.92%;}}<\/style><\/div><style type=\"text\/css\">.fusion-builder-row-1{filter: saturate(100%) brightness(100%);transition: filter 0.3s ease;}.fusion-builder-row-1:hover{filter: saturate(120%) brightness(110%);}.fusion-body .fusion-flex-container.fusion-builder-row-1{ padding-top : 10%;margin-top : 0px;padding-right : 0px;padding-bottom : 10%;margin-bottom : 0px;padding-left : 0px;}<\/style><\/div><div class=\"fusion-fullwidth fullwidth-box fusion-builder-row-2 fusion-flex-container nonhundred-percent-fullwidth non-hundred-percent-height-scrolling\" style=\"background-color: rgba(255,255,255,0);background-position: left top;background-repeat: no-repeat;border-width: 0px 0px 0px 0px;border-color:#eae9e9;border-style:solid;\" ><div class=\"fusion-builder-row fusion-row fusion-flex-align-items-stretch\" style=\"max-width:calc( 93% + 0px );margin-left: calc(-0px \/ 2 );margin-right: calc(-0px \/ 2 );\"><div class=\"fusion-layout-column fusion_builder_column fusion-builder-column-3 fusion_builder_column_1_1 1_1 fusion-flex-column\"><div class=\"fusion-column-wrapper fusion-flex-justify-content-center fusion-content-layout-column\" style=\"background-position:left top;background-repeat:no-repeat;-webkit-background-size:cover;-moz-background-size:cover;-o-background-size:cover;background-size:cover;padding: 0px 10% 0px 8%;\"><style type=\"text\/css\">@media only screen and (max-width:1024px) {.fusion-title.fusion-title-1{margin-top:0px!important;margin-bottom:31px!important;}}<\/style><div class=\"fusion-title title fusion-title-1 fusion-sep-none fusion-title-text fusion-title-size-one\" style=\"margin-top:0px;margin-bottom:31px;\"><h1 class=\"title-heading-left\" style=\"margin:0;\"><b><\/b><\/p><\/h1><\/div><div class=\"fusion-text fusion-text-3\"><h6 class=\"fusion-responsive-typography-calculated\" style=\"text-align: left; --fontsize: 24; line-height: 1.5; --minfontsize: 24; --fontSize:24; --minFontSize:24;\" data-fontsize=\"24\" data-lineheight=\"36px\"><b style=\"color: #03000c; font-family: 'EB Garamond'; font-size: 21px; line-height: 30px;\" data-fusion-font=\"true\" data-fusion-google-font=\"EB Garamond\" data-fusion-google-variant=\"400\"><span style=\"color: #333c4e; font-family: 'Clicker Script'; font-size: 37px;\" data-fusion-font=\"true\" data-fusion-google-font=\"Clicker Script\" data-fusion-google-variant=\"400\">C&rsquo;est quoi une \u00e2me ?<\/span><\/b><\/h6>\n<div style=\"text-align: justify;\"><b style=\"font-style: var(--h6_typography-font-style,normal); letter-spacing: var(--h6_typography-letter-spacing); background-color: rgba(255, 255, 255, 0); line-height: 30px;\" data-fusion-font=\"true\" data-fusion-google-font=\"EB Garamond\" data-fusion-google-variant=\"400\"><span style=\"font-weight: 400; color: rgb(3, 0, 12); font-size: 21px; font-family: 'EB Garamond';\" data-fusion-font=\"true\" data-fusion-google-font=\"EB Garamond\" data-fusion-google-variant=\"400\">Nous sommes tous constitu\u00e9s d\u2019une \u00e2me, d\u2019un esprit et d\u2019un corps. L\u2019\u00e2me est la partie divine qui est en nous, celle qui nous rattache \u00e0 la source dont elle est issue. La source est pure conscience et pur amour. Elle est l\u2019\u00e9nergie qui habite notre corps, lui donne la vie et agit \u00e0 travers lui. Mais en nous incarnant, nous avons oubli\u00e9 qui nous sommes, nous sommes \u00e9nergie et partie de la source et du grand tout. Le voile de l\u2019oubli nous fait croire que nous ne sommes que mati\u00e8re. C\u2019est pourquoi il nous est si difficile de nous reconnecter \u00e0 notre \u00e2me. Notre \u00e2me cherche pourtant \u00e0 communiquer avec nous, nous avons tous la capacit\u00e9 \u00e0 nous reconnecter \u00e0 notre \u00e2me, \u00e0 chacun de savoir si le moment est venu.<\/span><\/b><\/div>\n<\/p>\n<p style=\"text-align: left; --fontsize: 24; line-height: 1.5; --minfontsize: 24;\"><span style=\"background-color: rgba(255, 255, 255, 0); letter-spacing: var(--body_typography-letter-spacing); color: #333c4e; font-size: 40px; line-height: 30px; font-family: 'Clicker Script';\" data-fusion-font=\"true\" data-fusion-google-font=\"Clicker Script\" data-fusion-google-variant=\"400\"><b style=\"color: #333c4e; font-size: 37px;\" data-fusion-font=\"true\">Comment se d\u00e9roule une s\u00e9ance ?<\/b><\/span><\/p>\n<p style=\"text-align: justify; color: #03000c;\"><span style=\"color: #03000c; font-size: 21px;\" data-fusion-font=\"true\">La lecture d\u2019\u00e2me est une s\u00e9ance de canalisation qui se fait en pr\u00e9sentiel ou \u00e0 distance. Je me connecte \u00e0 votre vibration afin de ressentir ce que votre \u00e2me souhaite me transmettre. Je suis ensuite guid\u00e9 par l\u2019univers d\u2019amour pour transmettre les informations dont vous avez besoin afin de vous aider et vous apporter le meilleur. Des choses enfouies en vous peuvent vous \u00eates r\u00e9v\u00e9l\u00e9es si cela est n\u00e9cessaire \u00e0 votre cheminement. Il n&rsquo;y a jamais de hasard, tout est juste au moment o\u00f9 vous le recevez<\/span><span style=\"font-size: 21px;\" data-fusion-font=\"true\">.<\/span><\/p>\n<p style=\"text-align: justify; color: #03000c; font-size: 21px;\" data-fusion-font=\"true\">Dur\u00e9e moyenne de la s\u00e9ance : 1 heure.<\/p>\n<\/div><div class=\"fusion-separator\" style=\"align-self: flex-end;margin-left:auto;margin-top:40px;margin-bottom:0px;width:100%;max-width:190px;\"><\/div><\/div><\/div><style type=\"text\/css\">.fusion-body .fusion-builder-column-3{width:100% !important;margin-top : 0px;margin-bottom : 0px;}.fusion-builder-column-3 > .fusion-column-wrapper {padding-top : 0px !important;padding-right : 10% !important;margin-right : 0px;padding-bottom : 0px !important;padding-left : 8% !important;margin-left : 0px;}@media only screen and (max-width:1024px) {.fusion-body .fusion-builder-column-3{width:100% !important;}.fusion-builder-column-3 > .fusion-column-wrapper {margin-right : 0px;margin-left : 0px;}}@media only screen and (max-width:640px) {.fusion-body .fusion-builder-column-3{width:100% !important;}.fusion-builder-column-3 > .fusion-column-wrapper {margin-right : 0px;margin-left : 0px;}}<\/style><\/div><style type=\"text\/css\">.fusion-body .fusion-flex-container.fusion-builder-row-2{ padding-top : 0px;margin-top : 0px;padding-right : 0px;padding-bottom : 0px;margin-bottom : 0;padding-left : 0px;}<\/style><\/div><div class=\"fusion-fullwidth fullwidth-box fusion-builder-row-3 fusion-flex-container hundred-percent-fullwidth non-hundred-percent-height-scrolling\" style=\"background-color: #e6b0c4;background-position: left top;background-repeat: no-repeat;border-width: 0px 0px 0px 0px;border-color:#eae9e9;border-style:solid;\" ><div class=\"fusion-builder-row fusion-row fusion-flex-align-items-stretch\" style=\"width:104% !important;max-width:104% !important;margin-left: calc(-4% \/ 2 );margin-right: calc(-4% \/ 2 );\"><div class=\"fusion-layout-column fusion_builder_column fusion-builder-column-4 fusion_builder_column_2_5 2_5 fusion-flex-column\"><div class=\"fusion-column-wrapper fusion-flex-justify-content-flex-start fusion-content-layout-column\" style=\"background-image: url(&#039;https:\/\/lavoixdeleveil.com\/wp58\/wp-content\/uploads\/2020\/09\/andreas-wagner-LIGHT.jpg&#039;);background-position:left center;background-repeat:no-repeat;-webkit-background-size:cover;-moz-background-size:cover;-o-background-size:cover;background-size:cover;padding: 0px 0px 0px 0px;\" data-bg-url=\"https:\/\/lavoixdeleveil.com\/wp58\/wp-content\/uploads\/2020\/09\/andreas-wagner-LIGHT.jpg\"><\/div><\/div><style type=\"text\/css\">.fusion-body .fusion-builder-column-4{width:40% !important;margin-top : 0px;margin-bottom : 0px;}.fusion-builder-column-4 > .fusion-column-wrapper {padding-top : 0px !important;padding-right : 0px !important;margin-right : 3.84%;padding-bottom : 0px !important;padding-left : 0px !important;margin-left : 4.8%;}@media only screen and (max-width:1024px) {.fusion-body .fusion-builder-column-4{width:100% !important;order : 0;}.fusion-builder-column-4 > .fusion-column-wrapper {margin-right : 1.92%;margin-left : 1.92%;}}@media only screen and (max-width:640px) {.fusion-body .fusion-builder-column-4{width:100% !important;order : 0;}.fusion-builder-column-4 > .fusion-column-wrapper {margin-right : 1.92%;margin-left : 1.92%;}}<\/style><div class=\"fusion-layout-column fusion_builder_column fusion-builder-column-5 fusion_builder_column_3_5 3_5 fusion-flex-column\"><div class=\"fusion-column-wrapper fusion-flex-justify-content-center fusion-content-layout-column\" style=\"background-position:left top;background-repeat:no-repeat;-webkit-background-size:cover;-moz-background-size:cover;-o-background-size:cover;background-size:cover;padding: 5% 5% 5% 5%;\"><style type=\"text\/css\">@media only screen and (max-width:1024px) {.fusion-title.fusion-title-2{margin-top:0px!important;margin-bottom:31px!important;}}<\/style><div class=\"fusion-title title fusion-title-2 fusion-sep-none fusion-title-center fusion-title-text fusion-title-size-two\" style=\"font-size:65px;margin-top:0px;margin-bottom:31px;\"><h2 class=\"title-heading-center\" style=\"margin:0;font-size:1em;line-height:55px;\">La solution est en vous<\/p>\n<div id=\"gtx-trans\" style=\"position: absolute; left: -66px; top: 38px;\">\n<div class=\"gtx-trans-icon\"><\/div>\n<\/div><\/h2><\/div><div class=\"fusion-text fusion-text-4\"><p style=\"font-size: 20px; text-align: center; color: #333c4e;\" data-fusion-font=\"true\">Pour vos prises de rendez-vous contactez-moi par mail ou par t\u00e9l\u00e9phone au 07.81.38.49.77<\/p>\n<\/div><div class=\"fusion-separator fusion-full-width-sep\" style=\"align-self: center;margin-left: auto;margin-right: auto;margin-top:20px;width:100%;\"><\/div><div style=\"text-align:center;\"><style type=\"text\/css\">.fusion-button.button-1 .fusion-button-text, .fusion-button.button-1 i {color:#333c4e;}.fusion-button.button-1 .fusion-button-icon-divider{border-color:#333c4e;}.fusion-button.button-1:hover .fusion-button-text, .fusion-button.button-1:hover i,.fusion-button.button-1:focus .fusion-button-text, .fusion-button.button-1:focus i,.fusion-button.button-1:active .fusion-button-text, .fusion-button.button-1:active{color:#ffffff;}.fusion-button.button-1:hover .fusion-button-icon-divider, .fusion-button.button-1:hover .fusion-button-icon-divider, .fusion-button.button-1:active .fusion-button-icon-divider{border-color:#ffffff;}.fusion-button.button-1:hover, .fusion-button.button-1:focus, .fusion-button.button-1:active{border-color:#ffffff;}.fusion-button.button-1 {border-color:#333c4e;border-radius:25px;}.fusion-button.button-1{background: #ffffff;}.fusion-button.button-1:hover,.button-1:focus,.fusion-button.button-1:active{background: #867dab;}<\/style><a class=\"fusion-button button-flat fusion-button-default-size button-custom button-1 fusion-button-default-span fusion-button-default-type\" target=\"_self\" href=\"https:\/\/lavoixdeleveil.com\/wp58\/contactezmoi\/\"><span class=\"fusion-button-text\">CONTACTEZ-MOI<\/span><\/a><\/div><\/div><\/div><style type=\"text\/css\">.fusion-body .fusion-builder-column-5{width:60% !important;margin-top : 0px;margin-bottom : 0px;}.fusion-builder-column-5 > .fusion-column-wrapper {padding-top : 5% !important;padding-right : 5% !important;margin-right : 3.2%;padding-bottom : 5% !important;padding-left : 5% !important;margin-left : 3.84%;}@media only screen and (max-width:1024px) {.fusion-body .fusion-builder-column-5{width:100% !important;}.fusion-builder-column-5 > .fusion-column-wrapper {margin-right : 1.92%;margin-left : 1.92%;}}@media only screen and (max-width:640px) {.fusion-body .fusion-builder-column-5{width:100% !important;}.fusion-builder-column-5 > .fusion-column-wrapper {margin-right : 1.92%;margin-left : 1.92%;}}<\/style><\/div><style type=\"text\/css\">.fusion-body .fusion-flex-container.fusion-builder-row-3{ padding-top : 0px;margin-top : 0px;padding-right : 0px;padding-bottom : 0px;margin-bottom : 0px;padding-left : 0px;}<\/style><\/div><\/p>\n","protected":false},"excerpt":{"rendered":"","protected":false},"author":1,"featured_media":0,"parent":0,"menu_order":0,"comment_status":"closed","ping_status":"closed","template":"100-width.php","meta":{"_bbp_topic_count":0,"_bbp_reply_count":0,"_bbp_total_topic_count":0,"_bbp_total_reply_count":0,"_bbp_voice_count":0,"_bbp_anonymous_reply_count":0,"_bbp_topic_count_hidden":0,"_bbp_reply_count_hidden":0,"_bbp_forum_subforum_count":0,"footnotes":""},"yoast_head":"<!-- This site is optimized with the Yoast SEO plugin v21.8 - https:\/\/yoast.com\/wordpress\/plugins\/seo\/ -->\n<title>LA VOIX DE L EVEIL - BRUNO ROUSSEL LECTURE D&#039;AME<\/title>\n<meta name=\"description\" content=\"Lecture d \u00e2me, hypnoth\u00e9rapeute, hypnose, magn\u00e9tisme, magn\u00e9tiseur, \u00e9nergie, soins \u00e9nerg\u00e9tiques, Hypnose spirituelle, \u00e9sot\u00e9rique, Bretagne.\" \/>\n<meta name=\"robots\" content=\"index, follow, max-snippet:-1, max-image-preview:large, max-video-preview:-1\" \/>\n<link rel=\"canonical\" href=\"https:\/\/lavoixdeleveil.com\/wp58\/lecture-ame\/\" \/>\n<meta property=\"og:locale\" content=\"fr_FR\" \/>\n<meta property=\"og:type\" content=\"article\" \/>\n<meta property=\"og:title\" content=\"LA VOIX DE L EVEIL - BRUNO ROUSSEL LECTURE D&#039;AME\" \/>\n<meta property=\"og:description\" content=\"Lecture d \u00e2me, hypnoth\u00e9rapeute, hypnose, magn\u00e9tisme, magn\u00e9tiseur, \u00e9nergie, soins \u00e9nerg\u00e9tiques, Hypnose spirituelle, \u00e9sot\u00e9rique, Bretagne.\" \/>\n<meta property=\"og:url\" content=\"https:\/\/lavoixdeleveil.com\/wp58\/lecture-ame\/\" \/>\n<meta property=\"og:site_name\" content=\"LA VOIX DE L EVEIL\" \/>\n<meta property=\"article:modified_time\" content=\"2020-10-22T16:56:01+00:00\" \/>\n<meta name=\"twitter:card\" content=\"summary_large_image\" \/>\n<meta name=\"twitter:label1\" content=\"Dur\u00e9e de lecture estim\u00e9e\" \/>\n\t<meta name=\"twitter:data1\" content=\"11 minutes\" \/>\n<script type=\"application\/ld+json\" class=\"yoast-schema-graph\">{\"@context\":\"https:\/\/schema.org\",\"@graph\":[{\"@type\":\"WebPage\",\"@id\":\"https:\/\/lavoixdeleveil.com\/wp58\/lecture-ame\/\",\"url\":\"https:\/\/lavoixdeleveil.com\/wp58\/lecture-ame\/\",\"name\":\"LA VOIX DE L EVEIL - BRUNO ROUSSEL LECTURE D'AME\",\"isPartOf\":{\"@id\":\"https:\/\/lavoixdeleveil.com\/wp58\/#website\"},\"datePublished\":\"2016-07-11T10:56:02+00:00\",\"dateModified\":\"2020-10-22T16:56:01+00:00\",\"description\":\"Lecture d \u00e2me, hypnoth\u00e9rapeute, hypnose, magn\u00e9tisme, magn\u00e9tiseur, \u00e9nergie, soins \u00e9nerg\u00e9tiques, Hypnose spirituelle, \u00e9sot\u00e9rique, Bretagne.\",\"breadcrumb\":{\"@id\":\"https:\/\/lavoixdeleveil.com\/wp58\/lecture-ame\/#breadcrumb\"},\"inLanguage\":\"fr-FR\",\"potentialAction\":[{\"@type\":\"ReadAction\",\"target\":[\"https:\/\/lavoixdeleveil.com\/wp58\/lecture-ame\/\"]}]},{\"@type\":\"BreadcrumbList\",\"@id\":\"https:\/\/lavoixdeleveil.com\/wp58\/lecture-ame\/#breadcrumb\",\"itemListElement\":[{\"@type\":\"ListItem\",\"position\":1,\"name\":\"Accueil\",\"item\":\"https:\/\/lavoixdeleveil.com\/wp58\/\"},{\"@type\":\"ListItem\",\"position\":2,\"name\":\"LECTURE D&rsquo;AME\"}]},{\"@type\":\"WebSite\",\"@id\":\"https:\/\/lavoixdeleveil.com\/wp58\/#website\",\"url\":\"https:\/\/lavoixdeleveil.com\/wp58\/\",\"name\":\"LA VOIX DE L EVEIL\",\"description\":\"BRUNO ROUSSEL\",\"publisher\":{\"@id\":\"https:\/\/lavoixdeleveil.com\/wp58\/#\/schema\/person\/9def8b9e8285a2191d0ac23cd09a8d5f\"},\"potentialAction\":[{\"@type\":\"SearchAction\",\"target\":{\"@type\":\"EntryPoint\",\"urlTemplate\":\"https:\/\/lavoixdeleveil.com\/wp58\/?s={search_term_string}\"},\"query-input\":\"required name=search_term_string\"}],\"inLanguage\":\"fr-FR\"},{\"@type\":[\"Person\",\"Organization\"],\"@id\":\"https:\/\/lavoixdeleveil.com\/wp58\/#\/schema\/person\/9def8b9e8285a2191d0ac23cd09a8d5f\",\"name\":\"Bruno Roussel\",\"logo\":{\"@id\":\"https:\/\/lavoixdeleveil.com\/wp58\/#\/schema\/person\/image\/\"},\"sameAs\":[\"https:\/\/lavoixdeleveil.com\/\"]}]}<\/script>\n<!-- \/ Yoast SEO plugin. -->","yoast_head_json":{"title":"LA VOIX DE L EVEIL - BRUNO ROUSSEL LECTURE D'AME","description":"Lecture d \u00e2me, hypnoth\u00e9rapeute, hypnose, magn\u00e9tisme, magn\u00e9tiseur, \u00e9nergie, soins \u00e9nerg\u00e9tiques, Hypnose spirituelle, \u00e9sot\u00e9rique, Bretagne.","robots":{"index":"index","follow":"follow","max-snippet":"max-snippet:-1","max-image-preview":"max-image-preview:large","max-video-preview":"max-video-preview:-1"},"canonical":"https:\/\/lavoixdeleveil.com\/wp58\/lecture-ame\/","og_locale":"fr_FR","og_type":"article","og_title":"LA VOIX DE L EVEIL - BRUNO ROUSSEL LECTURE D'AME","og_description":"Lecture d \u00e2me, hypnoth\u00e9rapeute, hypnose, magn\u00e9tisme, magn\u00e9tiseur, \u00e9nergie, soins \u00e9nerg\u00e9tiques, Hypnose spirituelle, \u00e9sot\u00e9rique, Bretagne.","og_url":"https:\/\/lavoixdeleveil.com\/wp58\/lecture-ame\/","og_site_name":"LA VOIX DE L EVEIL","article_modified_time":"2020-10-22T16:56:01+00:00","twitter_card":"summary_large_image","twitter_misc":{"Dur\u00e9e de lecture estim\u00e9e":"11 minutes"},"schema":{"@context":"https:\/\/schema.org","@graph":[{"@type":"WebPage","@id":"https:\/\/lavoixdeleveil.com\/wp58\/lecture-ame\/","url":"https:\/\/lavoixdeleveil.com\/wp58\/lecture-ame\/","name":"LA VOIX DE L EVEIL - BRUNO ROUSSEL LECTURE D'AME","isPartOf":{"@id":"https:\/\/lavoixdeleveil.com\/wp58\/#website"},"datePublished":"2016-07-11T10:56:02+00:00","dateModified":"2020-10-22T16:56:01+00:00","description":"Lecture d \u00e2me, hypnoth\u00e9rapeute, hypnose, magn\u00e9tisme, magn\u00e9tiseur, \u00e9nergie, soins \u00e9nerg\u00e9tiques, Hypnose spirituelle, \u00e9sot\u00e9rique, Bretagne.","breadcrumb":{"@id":"https:\/\/lavoixdeleveil.com\/wp58\/lecture-ame\/#breadcrumb"},"inLanguage":"fr-FR","potentialAction":[{"@type":"ReadAction","target":["https:\/\/lavoixdeleveil.com\/wp58\/lecture-ame\/"]}]},{"@type":"BreadcrumbList","@id":"https:\/\/lavoixdeleveil.com\/wp58\/lecture-ame\/#breadcrumb","itemListElement":[{"@type":"ListItem","position":1,"name":"Accueil","item":"https:\/\/lavoixdeleveil.com\/wp58\/"},{"@type":"ListItem","position":2,"name":"LECTURE D&rsquo;AME"}]},{"@type":"WebSite","@id":"https:\/\/lavoixdeleveil.com\/wp58\/#website","url":"https:\/\/lavoixdeleveil.com\/wp58\/","name":"LA VOIX DE L EVEIL","description":"BRUNO ROUSSEL","publisher":{"@id":"https:\/\/lavoixdeleveil.com\/wp58\/#\/schema\/person\/9def8b9e8285a2191d0ac23cd09a8d5f"},"potentialAction":[{"@type":"SearchAction","target":{"@type":"EntryPoint","urlTemplate":"https:\/\/lavoixdeleveil.com\/wp58\/?s={search_term_string}"},"query-input":"required name=search_term_string"}],"inLanguage":"fr-FR"},{"@type":["Person","Organization"],"@id":"https:\/\/lavoixdeleveil.com\/wp58\/#\/schema\/person\/9def8b9e8285a2191d0ac23cd09a8d5f","name":"Bruno Roussel","logo":{"@id":"https:\/\/lavoixdeleveil.com\/wp58\/#\/schema\/person\/image\/"},"sameAs":["https:\/\/lavoixdeleveil.com\/"]}]}},"_links":{"self":[{"href":"https:\/\/lavoixdeleveil.com\/wp58\/wp-json\/wp\/v2\/pages\/20351"}],"collection":[{"href":"https:\/\/lavoixdeleveil.com\/wp58\/wp-json\/wp\/v2\/pages"}],"about":[{"href":"https:\/\/lavoixdeleveil.com\/wp58\/wp-json\/wp\/v2\/types\/page"}],"author":[{"embeddable":true,"href":"https:\/\/lavoixdeleveil.com\/wp58\/wp-json\/wp\/v2\/users\/1"}],"replies":[{"embeddable":true,"href":"https:\/\/lavoixdeleveil.com\/wp58\/wp-json\/wp\/v2\/comments?post=20351"}],"version-history":[{"count":236,"href":"https:\/\/lavoixdeleveil.com\/wp58\/wp-json\/wp\/v2\/pages\/20351\/revisions"}],"predecessor-version":[{"id":21803,"href":"https:\/\/lavoixdeleveil.com\/wp58\/wp-json\/wp\/v2\/pages\/20351\/revisions\/21803"}],"wp:attachment":[{"href":"https:\/\/lavoixdeleveil.com\/wp58\/wp-json\/wp\/v2\/media?parent=20351"}],"curies":[{"name":"wp","href":"https:\/\/api.w.org\/{rel}","templated":true}]}}